{"id":13540,"date":"2017-06-16T17:39:55","date_gmt":"2017-06-16T16:39:55","guid":{"rendered":"http:\/\/laguiadepamplona.es\/actualidad\/?page_id=13540"},"modified":"2025-08-21T11:22:44","modified_gmt":"2025-08-21T09:22:44","slug":"aviso-legal","status":"publish","type":"page","link":"https:\/\/www.laguiadepamplona.com\/actualidad\/aviso-legal\/","title":{"rendered":"Aviso Legal"},"content":{"rendered":"<p>En virtud del cumplimiento de la Ley 34\/2002, de 11 de Julio, de Servicios de la Sociedad de la Informaci\u00f3n y de Comercio Electr\u00f3nico, le informamos:<\/p>\n<p><strong>OSCAR LOPEZ ROMERO<\/strong> (en adelante\u00a0<strong>LA GU\u00cdA DE PAMPLONA)\u00a0<\/strong>con CIF 75545762P y domicilio en Calle Muskilda 7 Olcoz 31398 (Navarra) es titular de este Sitio Web.<\/p>\n<ol>\n<li><strong> Condiciones de acceso y utilizaci\u00f3n del web site<\/strong><\/li>\n<\/ol>\n<p>Estas condiciones generales (en adelante, las Condiciones Generales) regulan el uso del servicio de nuestra Web Site de Internet\u00a0<strong>LA GU\u00cdA DE PAMPLONA<\/strong> <a href=\"http:\/\/www.laguiadepamplona.com\/\"><strong>http:\/\/www.laguiadepamplona.com\/<\/strong><\/a>, (en adelante, la Web Site) que\u00a0<strong>LA GU\u00cdA DE PAMPLONA<\/strong> pone gratuitamente a disposici\u00f3n de los usuarios de Internet. La utilizaci\u00f3n de nuestra Web Site le atribuye la condici\u00f3n de usuario de nuestra Web (en adelante, el Usuario) y supone la aceptaci\u00f3n plena y sin reservas por el Usuario de todas y cada una de las Condiciones Generales en la versi\u00f3n publicada por\u00a0<strong>LA GU\u00cdA DE PAMPLONA\u00a0<\/strong>en el momento mismo en que el Usuario acceda a nuestra Web, as\u00ed como de nuestra pol\u00edtica de privacidad y tratamiento de datos personales. En consecuencia, el Usuario debe leer atentamente las Condiciones Generales en cada una de las ocasiones en que se proponga utilizar nuestro Web Site.<\/p>\n<p><strong>LA GU\u00cdA DE PAMPLONA<\/strong> se reserva el derecho a denegar o retirar el acceso a su Web Site, en cualquier momento y sin necesidad de preaviso, a aquellos Usuarios que incumplan las presentes Condiciones generales, as\u00ed como las Condiciones Particulares que resulten de aplicaci\u00f3n.<\/p>\n<p><strong>LA GU\u00cdA DE PAMPLONA<\/strong> no garantiza la exhaustividad, veracidad, exactitud o actualidad de toda la informaci\u00f3n que contiene ni, en particular, la utilidad de nuestro Web Site para la realizaci\u00f3n de alguna actividad en particular por el Usuario. Por otra parte, <strong>LA GU\u00cdA DE PAMPLONA\u00a0<\/strong>no controla ni garantiza la ausencia de virus ni otros elementos al acceder a nuestro Web Site que pueda producir alteraciones en los documentos electr\u00f3nicos y ficheros almacenados en su sistema inform\u00e1tico. Por ello,\u00a0<strong>LA GU\u00cdA DE PAMPLONA<\/strong> declina toda responsabilidad por los da\u00f1os y perjuicios de toda naturaleza que puedan deberse al uso que los Usuarios hacen del Web Site y de sus servicios o contenidos.<\/p>\n<p><strong>LA GU\u00cdA DE PAMPLONA<\/strong> se reserva la facultad de efectuar, en cualquier momento y sin necesidad de previo aviso, modificaciones y actualizaciones de la informaci\u00f3n contenida en la Web, de la configuraci\u00f3n y presentaci\u00f3n de \u00e9sta y de las condiciones de acceso.<\/p>\n<p><strong>LA GU\u00cdA DE PAMPLONA<\/strong> no garantiza la inexistencia de interrupciones o errores en el acceso a la Web o a su contenido, ni que \u00e9sta se encuentre actualizada.\u00a0<strong>LA GU\u00cdA DE PAMPLONA<\/strong> llevar\u00e1 a cabo, siempre que no concurran causas que lo hagan imposible o de dif\u00edcil ejecuci\u00f3n, y tan pronto tenga noticia de los errores, desconexiones o falta de actualizaci\u00f3n en los contenidos, todas a aquellas labores tendentes a subsanar los errores, restablecer la comunicaci\u00f3n y actualizar los contenidos.\u00a0<strong>LA GU\u00cdA DE PAMPLONA<\/strong> declina cualquier responsabilidad por los da\u00f1os y perjuicios de toda naturaleza que puedan deberse a la falta de disponibilidad o de continuidad del funcionamiento de nuestro Web Site y de los servicios.<\/p>\n<ol start=\"2\">\n<li><strong> Propiedad intelectual e industrial<\/strong><\/li>\n<\/ol>\n<p>Todo el contenido disponible en el Sitio Web, inclusive, a t\u00edtulo enunciativo, texto, gr\u00e1ficos, logotipos, iconos, im\u00e1genes, clips de audio, recopilaciones de datos y software y su recopilaci\u00f3n (Contenido de Propiedad Intelectual), es propiedad de\u00a0<strong>LA GU\u00cdA DE PAMPLONA<\/strong>, y est\u00e1 protegido por las leyes de propiedad intelectual.<\/p>\n<p>El Usuario se obliga a usar la Web Site de forma diligente, correcta y l\u00edcita y, en particular, se compromete a abstenerse de:<\/p>\n<ul>\n<li>Suprimir, eludir o manipular el copyright, marcas y dem\u00e1s datos identificativos de los derechos de <strong>LA GU\u00cdA DE PAMPLONA<\/strong>, incorporados a los contenidos y\/o productos comercializados desde nuestro Web.<\/li>\n<li>Reproducir o copiar, distribuir, permitir el acceso del p\u00fablico a trav\u00e9s de cualquier modalidad de comunicaci\u00f3n p\u00fablica, transformar o modificar los contenidos, a menos que se cuente con la autorizaci\u00f3n del titular de los correspondientes derechos o ello resulte legalmente permitido.<\/li>\n<li>En general, utilizar los contenidos de forma, con fines o efectos contrarios a la ley, a la moral y a las buenas costumbres generalmente aceptadas o al orden p\u00fablico. <strong>LA GU\u00cdA DE PAMPLONA<\/strong> no concede ninguna licencia o autorizaci\u00f3n de uso de ninguna clase sobre sus derechos de propiedad industrial e intelectual o sobre cualquier otra propiedad o derecho relacionado con su Web Site.<\/li>\n<\/ul>\n<p><strong>LA GU\u00cdA DE PAMPLONA<\/strong> no concede ninguna licencia o autorizaci\u00f3n de uso de ninguna clase sobre sus derechos de propiedad industrial e intelectual o sobre cualquier otra propiedad o derecho relacionado con su Web Site.<\/p>\n<ol start=\"3\">\n<li><strong> Ley aplicable y Jurisdicci\u00f3n<\/strong><\/li>\n<\/ol>\n<p>Las presentes condiciones, se regir\u00e1n por la legislaci\u00f3n espa\u00f1ola, que se ser\u00e1 de aplicaci\u00f3n en lo no dispuesto en estas condiciones en materia de interpretaci\u00f3n, validez y ejecuci\u00f3n.\u00a0<strong>LA GU\u00cdA DE PAMPLONA<\/strong> y el usuario, con renuncia expresa a cualquier otro fuero, se someten al de los juzgados y tribunales de Pamplona.<\/p>\n","protected":false},"excerpt":{"rendered":"<p>En virtud del cumplimiento de la Ley 34\/2002, de 11 de Julio, de Servicios de la Sociedad de la Informaci\u00f3n y de Comercio Electr\u00f3nico, le informamos: OSCAR LOPEZ ROMERO (en&#8230;<\/p>\n","protected":false},"author":1,"featured_media":0,"parent":0,"menu_order":0,"comment_status":"closed","ping_status":"closed","template":"","meta":{"footnotes":""},"class_list":["post-13540","page","type-page","status-publish","hentry"],"yoast_head":"<!-- This site is optimized with the Yoast SEO plugin v27.6 - https:\/\/yoast.com\/product\/yoast-seo-wordpress\/ -->\n<title>Aviso Legal - La Gu\u00eda de Pamplona<\/title>\n<meta name=\"description\" content=\"La gu\u00eda de Pamplona, Noticias de actualidad del Ayuntamiento, toda la informaci\u00f3n en nuestra web del peque\u00f1o comercio, Visitanos.\" \/>\n<meta name=\"robots\" content=\"index, follow, max-snippet:-1, max-image-preview:large, max-video-preview:-1\" \/>\n<link rel=\"canonical\" href=\"https:\/\/www.laguiadepamplona.com\/actualidad\/aviso-legal\/\" \/>\n<meta property=\"og:locale\" content=\"es_ES\" \/>\n<meta property=\"og:type\" content=\"article\" \/>\n<meta property=\"og:title\" content=\"Aviso Legal - La Gu\u00eda de Pamplona\" \/>\n<meta property=\"og:description\" content=\"La gu\u00eda de Pamplona, Noticias de actualidad del Ayuntamiento, toda la informaci\u00f3n en nuestra web del peque\u00f1o comercio, Visitanos.\" \/>\n<meta property=\"og:url\" content=\"https:\/\/www.laguiadepamplona.com\/actualidad\/aviso-legal\/\" \/>\n<meta property=\"og:site_name\" content=\"La Gu\u00eda de Pamplona\" \/>\n<meta property=\"article:publisher\" content=\"https:\/\/www.facebook.com\/laguiadepamplonacom-133175176762273\/?ref=hl\" \/>\n<meta property=\"article:modified_time\" content=\"2025-08-21T09:22:44+00:00\" \/>\n<meta name=\"twitter:card\" content=\"summary_large_image\" \/>\n<meta name=\"twitter:site\" content=\"@LaGuiadPamplona\" \/>\n<meta name=\"twitter:label1\" content=\"Tiempo de lectura\" \/>\n\t<meta name=\"twitter:data1\" content=\"4 minutos\" \/>\n<script type=\"application\/ld+json\" class=\"yoast-schema-graph\">{\"@context\":\"https:\\\/\\\/schema.org\",\"@graph\":[{\"@type\":\"WebPage\",\"@id\":\"https:\\\/\\\/www.laguiadepamplona.com\\\/actualidad\\\/aviso-legal\\\/\",\"url\":\"https:\\\/\\\/www.laguiadepamplona.com\\\/actualidad\\\/aviso-legal\\\/\",\"name\":\"Aviso Legal - La Gu\u00eda de Pamplona\",\"isPartOf\":{\"@id\":\"https:\\\/\\\/www.laguiadepamplona.com\\\/actualidad\\\/#website\"},\"datePublished\":\"2017-06-16T16:39:55+00:00\",\"dateModified\":\"2025-08-21T09:22:44+00:00\",\"description\":\"La gu\u00eda de Pamplona, Noticias de actualidad del Ayuntamiento, toda la informaci\u00f3n en nuestra web del peque\u00f1o comercio, Visitanos.\",\"breadcrumb\":{\"@id\":\"https:\\\/\\\/www.laguiadepamplona.com\\\/actualidad\\\/aviso-legal\\\/#breadcrumb\"},\"inLanguage\":\"es\",\"potentialAction\":[{\"@type\":\"ReadAction\",\"target\":[\"https:\\\/\\\/www.laguiadepamplona.com\\\/actualidad\\\/aviso-legal\\\/\"]}]},{\"@type\":\"BreadcrumbList\",\"@id\":\"https:\\\/\\\/www.laguiadepamplona.com\\\/actualidad\\\/aviso-legal\\\/#breadcrumb\",\"itemListElement\":[{\"@type\":\"ListItem\",\"position\":1,\"name\":\"Portada\",\"item\":\"https:\\\/\\\/www.laguiadepamplona.com\\\/actualidad\\\/\"},{\"@type\":\"ListItem\",\"position\":2,\"name\":\"Aviso Legal\"}]},{\"@type\":\"WebSite\",\"@id\":\"https:\\\/\\\/www.laguiadepamplona.com\\\/actualidad\\\/#website\",\"url\":\"https:\\\/\\\/www.laguiadepamplona.com\\\/actualidad\\\/\",\"name\":\"La gu\u00eda de Pamplona\",\"description\":\"Noticias de Pamplona\",\"publisher\":{\"@id\":\"https:\\\/\\\/www.laguiadepamplona.com\\\/actualidad\\\/#organization\"},\"potentialAction\":[{\"@type\":\"SearchAction\",\"target\":{\"@type\":\"EntryPoint\",\"urlTemplate\":\"https:\\\/\\\/www.laguiadepamplona.com\\\/actualidad\\\/?s={search_term_string}\"},\"query-input\":{\"@type\":\"PropertyValueSpecification\",\"valueRequired\":true,\"valueName\":\"search_term_string\"}}],\"inLanguage\":\"es\"},{\"@type\":\"Organization\",\"@id\":\"https:\\\/\\\/www.laguiadepamplona.com\\\/actualidad\\\/#organization\",\"name\":\"La Gu\u00eda de Pamplona \\\/ Noticias\",\"url\":\"https:\\\/\\\/www.laguiadepamplona.com\\\/actualidad\\\/\",\"logo\":{\"@type\":\"ImageObject\",\"inLanguage\":\"es\",\"@id\":\"https:\\\/\\\/www.laguiadepamplona.com\\\/actualidad\\\/#\\\/schema\\\/logo\\\/image\\\/\",\"url\":\"https:\\\/\\\/www.laguiadepamplona.com\\\/actualidad\\\/wp-content\\\/uploads\\\/2018\\\/11\\\/logo-laguiadepamplona18-web1.png\",\"contentUrl\":\"https:\\\/\\\/www.laguiadepamplona.com\\\/actualidad\\\/wp-content\\\/uploads\\\/2018\\\/11\\\/logo-laguiadepamplona18-web1.png\",\"width\":600,\"height\":196,\"caption\":\"La Gu\u00eda de Pamplona \\\/ Noticias\"},\"image\":{\"@id\":\"https:\\\/\\\/www.laguiadepamplona.com\\\/actualidad\\\/#\\\/schema\\\/logo\\\/image\\\/\"},\"sameAs\":[\"https:\\\/\\\/www.facebook.com\\\/laguiadepamplonacom-133175176762273\\\/?ref=hl\",\"https:\\\/\\\/x.com\\\/LaGuiadPamplona\",\"https:\\\/\\\/www.instagram.com\\\/la_guia_de_pamplona\\\/\",\"https:\\\/\\\/www.youtube.com\\\/user\\\/laguiadepamplona\"]}]}<\/script>\n<!-- \/ Yoast SEO plugin. -->","yoast_head_json":{"title":"Aviso Legal - La Gu\u00eda de Pamplona","description":"La gu\u00eda de Pamplona, Noticias de actualidad del Ayuntamiento, toda la informaci\u00f3n en nuestra web del peque\u00f1o comercio, Visitanos.","robots":{"index":"index","follow":"follow","max-snippet":"max-snippet:-1","max-image-preview":"max-image-preview:large","max-video-preview":"max-video-preview:-1"},"canonical":"https:\/\/www.laguiadepamplona.com\/actualidad\/aviso-legal\/","og_locale":"es_ES","og_type":"article","og_title":"Aviso Legal - La Gu\u00eda de Pamplona","og_description":"La gu\u00eda de Pamplona, Noticias de actualidad del Ayuntamiento, toda la informaci\u00f3n en nuestra web del peque\u00f1o comercio, Visitanos.","og_url":"https:\/\/www.laguiadepamplona.com\/actualidad\/aviso-legal\/","og_site_name":"La Gu\u00eda de Pamplona","article_publisher":"https:\/\/www.facebook.com\/laguiadepamplonacom-133175176762273\/?ref=hl","article_modified_time":"2025-08-21T09:22:44+00:00","twitter_card":"summary_large_image","twitter_site":"@LaGuiadPamplona","twitter_misc":{"Tiempo de lectura":"4 minutos"},"schema":{"@context":"https:\/\/schema.org","@graph":[{"@type":"WebPage","@id":"https:\/\/www.laguiadepamplona.com\/actualidad\/aviso-legal\/","url":"https:\/\/www.laguiadepamplona.com\/actualidad\/aviso-legal\/","name":"Aviso Legal - La Gu\u00eda de Pamplona","isPartOf":{"@id":"https:\/\/www.laguiadepamplona.com\/actualidad\/#website"},"datePublished":"2017-06-16T16:39:55+00:00","dateModified":"2025-08-21T09:22:44+00:00","description":"La gu\u00eda de Pamplona, Noticias de actualidad del Ayuntamiento, toda la informaci\u00f3n en nuestra web del peque\u00f1o comercio, Visitanos.","breadcrumb":{"@id":"https:\/\/www.laguiadepamplona.com\/actualidad\/aviso-legal\/#breadcrumb"},"inLanguage":"es","potentialAction":[{"@type":"ReadAction","target":["https:\/\/www.laguiadepamplona.com\/actualidad\/aviso-legal\/"]}]},{"@type":"BreadcrumbList","@id":"https:\/\/www.laguiadepamplona.com\/actualidad\/aviso-legal\/#breadcrumb","itemListElement":[{"@type":"ListItem","position":1,"name":"Portada","item":"https:\/\/www.laguiadepamplona.com\/actualidad\/"},{"@type":"ListItem","position":2,"name":"Aviso Legal"}]},{"@type":"WebSite","@id":"https:\/\/www.laguiadepamplona.com\/actualidad\/#website","url":"https:\/\/www.laguiadepamplona.com\/actualidad\/","name":"La gu\u00eda de Pamplona","description":"Noticias de Pamplona","publisher":{"@id":"https:\/\/www.laguiadepamplona.com\/actualidad\/#organization"},"potentialAction":[{"@type":"SearchAction","target":{"@type":"EntryPoint","urlTemplate":"https:\/\/www.laguiadepamplona.com\/actualidad\/?s={search_term_string}"},"query-input":{"@type":"PropertyValueSpecification","valueRequired":true,"valueName":"search_term_string"}}],"inLanguage":"es"},{"@type":"Organization","@id":"https:\/\/www.laguiadepamplona.com\/actualidad\/#organization","name":"La Gu\u00eda de Pamplona \/ Noticias","url":"https:\/\/www.laguiadepamplona.com\/actualidad\/","logo":{"@type":"ImageObject","inLanguage":"es","@id":"https:\/\/www.laguiadepamplona.com\/actualidad\/#\/schema\/logo\/image\/","url":"https:\/\/www.laguiadepamplona.com\/actualidad\/wp-content\/uploads\/2018\/11\/logo-laguiadepamplona18-web1.png","contentUrl":"https:\/\/www.laguiadepamplona.com\/actualidad\/wp-content\/uploads\/2018\/11\/logo-laguiadepamplona18-web1.png","width":600,"height":196,"caption":"La Gu\u00eda de Pamplona \/ Noticias"},"image":{"@id":"https:\/\/www.laguiadepamplona.com\/actualidad\/#\/schema\/logo\/image\/"},"sameAs":["https:\/\/www.facebook.com\/laguiadepamplonacom-133175176762273\/?ref=hl","https:\/\/x.com\/LaGuiadPamplona","https:\/\/www.instagram.com\/la_guia_de_pamplona\/","https:\/\/www.youtube.com\/user\/laguiadepamplona"]}]}},"post_mailing_queue_ids":[],"_links":{"self":[{"href":"https:\/\/www.laguiadepamplona.com\/actualidad\/wp-json\/wp\/v2\/pages\/13540","targetHints":{"allow":["GET"]}}],"collection":[{"href":"https:\/\/www.laguiadepamplona.com\/actualidad\/wp-json\/wp\/v2\/pages"}],"about":[{"href":"https:\/\/www.laguiadepamplona.com\/actualidad\/wp-json\/wp\/v2\/types\/page"}],"author":[{"embeddable":true,"href":"https:\/\/www.laguiadepamplona.com\/actualidad\/wp-json\/wp\/v2\/users\/1"}],"replies":[{"embeddable":true,"href":"https:\/\/www.laguiadepamplona.com\/actualidad\/wp-json\/wp\/v2\/comments?post=13540"}],"version-history":[{"count":1,"href":"https:\/\/www.laguiadepamplona.com\/actualidad\/wp-json\/wp\/v2\/pages\/13540\/revisions"}],"predecessor-version":[{"id":53449,"href":"https:\/\/www.laguiadepamplona.com\/actualidad\/wp-json\/wp\/v2\/pages\/13540\/revisions\/53449"}],"wp:attachment":[{"href":"https:\/\/www.laguiadepamplona.com\/actualidad\/wp-json\/wp\/v2\/media?parent=13540"}],"curies":[{"name":"wp","href":"https:\/\/api.w.org\/{rel}","templated":true}]}}